{"id":1060,"date":"2021-03-24T23:11:37","date_gmt":"2021-03-24T23:11:37","guid":{"rendered":"https:\/\/innova.agenciabajocero.com\/?page_id=1060"},"modified":"2026-03-13T20:36:41","modified_gmt":"2026-03-13T20:36:41","slug":"parcelacion-los-calima","status":"publish","type":"page","link":"https:\/\/innova.agenciabajocero.com\/en\/parcelacion-los-calima\/","title":{"rendered":"Parcelaci\u00f3n los Calima"},"content":{"rendered":"<div data-elementor-type=\"wp-page\" data-elementor-id=\"1060\" class=\"elementor elementor-1060\" data-elementor-post-type=\"page\">\n\t\t\t\t\t\t<section class=\"elementor-section elementor-top-section elementor-element elementor-element-4c53020 elementor-section-height-min-height elementor-section-boxed elementor-section-height-default elementor-section-items-middle\" data-id=\"4c53020\" data-element_type=\"section\" data-e-type=\"section\" data-settings=\"{&quot;background_background&quot;:&quot;classic&quot;}\">\n\t\t\t\t\t\t\t<div class=\"elementor-background-overlay\"><\/div>\n\t\t\t\t\t\t\t<div class=\"elementor-container elementor-column-gap-default\">\n\t\t\t\t\t<div class=\"elementor-column elementor-col-100 elementor-top-column elementor-element elementor-element-2ef89fe\" data-id=\"2ef89fe\" data-element_type=\"column\" data-e-type=\"column\">\n\t\t\t<div class=\"elementor-widget-wrap elementor-element-populated\">\n\t\t\t\t\t\t<div class=\"elementor-element elementor-element-3367eb5 elementor-widget elementor-widget-image\" data-id=\"3367eb5\" data-element_type=\"widget\" data-e-type=\"widget\" data-widget_type=\"image.default\">\n\t\t\t\t<div class=\"elementor-widget-container\">\n\t\t\t\t\t\t\t\t\t\t\t\t\t\t\t<img fetchpriority=\"high\" decoding=\"async\" width=\"768\" height=\"139\" src=\"https:\/\/innova.agenciabajocero.com\/wp-content\/uploads\/2021\/03\/logo-parcelacion-los-calima-web1-768x139.png\" class=\"attachment-medium_large size-medium_large wp-image-1062\" alt=\"\" srcset=\"https:\/\/innova.agenciabajocero.com\/wp-content\/uploads\/2021\/03\/logo-parcelacion-los-calima-web1-768x139.png 768w, https:\/\/innova.agenciabajocero.com\/wp-content\/uploads\/2021\/03\/logo-parcelacion-los-calima-web1-600x109.png 600w, https:\/\/innova.agenciabajocero.com\/wp-content\/uploads\/2021\/03\/logo-parcelacion-los-calima-web1-300x54.png 300w, https:\/\/innova.agenciabajocero.com\/wp-content\/uploads\/2021\/03\/logo-parcelacion-los-calima-web1-496x90.png 496w, https:\/\/innova.agenciabajocero.com\/wp-content\/uploads\/2021\/03\/logo-parcelacion-los-calima-web1.png 1000w\" sizes=\"(max-width: 768px) 100vw, 768px\" \/>\t\t\t\t\t\t\t\t\t\t\t\t\t\t\t<\/div>\n\t\t\t\t<\/div>\n\t\t\t\t\t<\/div>\n\t\t<\/div>\n\t\t\t\t\t<\/div>\n\t\t<\/section>\n\t\t<div class=\"elementor-element elementor-element-c2f30ab e-con-full e-flex e-con e-parent\" data-id=\"c2f30ab\" data-element_type=\"container\" data-e-type=\"container\">\n\t\t\t\t<div class=\"elementor-element elementor-element-f34b4f2 elementor-widget elementor-widget-html\" data-id=\"f34b4f2\" data-element_type=\"widget\" data-e-type=\"widget\" data-widget_type=\"html.default\">\n\t\t\t\t<div class=\"elementor-widget-container\">\n\t\t\t\t\t<section class=\"innova-landscape\">\r\n\r\n<div class=\"landscape-container\">\r\n\r\n<!-- CONTENIDO -->\r\n<div class=\"landscape-content\">\r\n\r\n<span class=\"landscape-label\">\r\nEntorno natural\r\n<\/span>\r\n\r\n<h2>\r\nPaisaje definitivo<br>\r\n<span>y descanso extremo<\/span>\r\n<\/h2>\r\n\r\n<p class=\"landscape-text\">\r\nUn proyecto pensado para disfrutar de la naturaleza y conservar un estilo de vida tranquilo cerca del Lago Calima.\r\n<\/p>\r\n\r\n<div class=\"landscape-features\">\r\n\r\n<div class=\"landscape-feature\">\r\n<div class=\"landscape-icon\">\ud83d\udc15<\/div>\r\n<p>Parque para mascotas<\/p>\r\n<\/div>\r\n\r\n<div class=\"landscape-feature\">\r\n<div class=\"landscape-icon\">\ud83e\uddfa<\/div>\r\n<p>Zona de picnic<\/p>\r\n<\/div>\r\n\r\n<div class=\"landscape-feature\">\r\n<div class=\"landscape-icon\">\ud83c\udfea<\/div>\r\n<p>Mini Market<\/p>\r\n<\/div>\r\n\r\n<\/div>\r\n\r\n<\/div>\r\n\r\n\r\n<!-- MAPA -->\r\n<div class=\"landscape-map\">\r\n\r\n<img decoding=\"async\" src=\"https:\/\/innova.agenciabajocero.com\/wp-content\/uploads\/2021\/03\/lotes-parcelacion_los_calima.jpg\">\r\n\r\n<\/div>\r\n\r\n<\/div>\r\n\r\n<\/section>\r\n\r\n\r\n\r\n<style>\r\n\r\n.innova-landscape{\r\npadding:80px 20px;\r\nbackground:#fff;\r\nfont-family:'Open Sans',sans-serif;\r\n}\r\n\r\n.landscape-container{\r\nmax-width:1200px;\r\nmargin:auto;\r\ndisplay:grid;\r\ngrid-template-columns:1fr 1fr;\r\ngap:60px;\r\nalign-items:center;\r\n}\r\n\r\n\/* TEXTO *\/\r\n\r\n.landscape-label{\r\nfont-size:13px;\r\nletter-spacing:1px;\r\ntext-transform:uppercase;\r\ncolor:#777;\r\ndisplay:block;\r\nmargin-bottom:10px;\r\n}\r\n\r\n.landscape-content h2{\r\nfont-family:'Poppins',sans-serif;\r\nfont-size:42px;\r\nline-height:1.2;\r\nmargin-bottom:20px;\r\n}\r\n\r\n.landscape-content h2 span{\r\ncolor:#A80519;\r\n}\r\n\r\n.landscape-text{\r\nfont-size:18px;\r\nline-height:1.7;\r\ncolor:#444;\r\nmargin-bottom:30px;\r\nmax-width:450px;\r\n}\r\n\r\n\/* ICONOS *\/\r\n\r\n.landscape-features{\r\ndisplay:flex;\r\ngap:35px;\r\nflex-wrap:wrap;\r\n}\r\n\r\n.landscape-feature{\r\ntext-align:center;\r\n}\r\n\r\n.landscape-icon{\r\nfont-size:40px;\r\nmargin-bottom:10px;\r\n}\r\n\r\n.landscape-feature p{\r\nfont-weight:600;\r\ncolor:#333;\r\n}\r\n\r\n\/* MAPA *\/\r\n\r\n.landscape-map img{\r\nwidth:100%;\r\nheight:420px;\r\nobject-fit:cover;\r\nborder-radius:18px;\r\nbox-shadow:0 15px 35px rgba(0,0,0,.12);\r\n}\r\n\r\n\/* TABLET *\/\r\n\r\n@media(max-width:1024px){\r\n\r\n.landscape-container{\r\ngrid-template-columns:1fr;\r\ngap:40px;\r\n}\r\n\r\n.landscape-content{\r\ntext-align:center;\r\n}\r\n\r\n.landscape-text{\r\nmargin:auto;\r\n}\r\n\r\n.landscape-features{\r\njustify-content:center;\r\n}\r\n\r\n}\r\n\r\n\/* MOBILE *\/\r\n\r\n@media(max-width:640px){\r\n\r\n.innova-landscape{\r\npadding:60px 20px;\r\n}\r\n\r\n.landscape-content h2{\r\nfont-size:30px;\r\n}\r\n\r\n.landscape-map img{\r\nheight:300px;\r\n}\r\n\r\n}\r\n\r\n<\/style>\r\n\t\t\t\t<\/div>\n\t\t\t\t<\/div>\n\t\t\t\t<\/div>\n\t\t<div class=\"elementor-element elementor-element-c07b2c0 e-con-full e-flex e-con e-parent\" data-id=\"c07b2c0\" data-element_type=\"container\" data-e-type=\"container\">\n\t\t\t\t<div class=\"elementor-element elementor-element-1af0c4b elementor-widget elementor-widget-html\" data-id=\"1af0c4b\" data-element_type=\"widget\" data-e-type=\"widget\" data-widget_type=\"html.default\">\n\t\t\t\t<div class=\"elementor-widget-container\">\n\t\t\t\t\t<section class=\"innova-lifestyle\">\r\n\r\n<div class=\"lifestyle-container\">\r\n\r\n<!-- VIDEO -->\r\n<div class=\"lifestyle-video\">\r\n\r\n<iframe \r\nsrc=\"https:\/\/www.youtube.com\/embed\/M2_ZAyBXVDc\" \r\ntitle=\"Parcelaci\u00f3n Los Calima\" \r\nframeborder=\"0\" \r\nallowfullscreen>\r\n<\/iframe>\r\n\r\n<\/div>\r\n\r\n\r\n<!-- TEXTO -->\r\n<div class=\"lifestyle-content\">\r\n\r\n<span class=\"lifestyle-label\">\r\nEstilo de vida\r\n<\/span>\r\n\r\n<h2>\r\nLibertad <span>para vivir<\/span>\r\n<\/h2>\r\n\r\n<p class=\"lifestyle-text\">\r\nEl entorno natural alrededor de la Parcelaci\u00f3n Los Calima ofrece un escenario perfecto para disfrutar actividades al aire libre y una vida llena de experiencias.\r\n<\/p>\r\n\r\n<div class=\"lifestyle-activities\">\r\n\r\n<div>\ud83c\udfc4 Kitesurf<\/div>\r\n<div>\ud83d\udef6 Kayak<\/div>\r\n<div>\ud83d\udc0e Cabalgatas<\/div>\r\n<div>\ud83e\udd7e Caminatas ecol\u00f3gicas<\/div>\r\n<div>\ud83d\udeb4 Ciclomonta\u00f1ismo<\/div>\r\n<div>\ud83d\udcf7 Fotograf\u00eda de naturaleza<\/div>\r\n\r\n<\/div>\r\n\r\n<\/div>\r\n\r\n<\/div>\r\n\r\n<\/section>\r\n\r\n\r\n\r\n<style>\r\n\r\n.innova-lifestyle{\r\nbackground:#b50715;\r\npadding:80px 20px;\r\nfont-family:'Open Sans',sans-serif;\r\ncolor:white;\r\n}\r\n\r\n.lifestyle-container{\r\nmax-width:1200px;\r\nmargin:auto;\r\ndisplay:grid;\r\ngrid-template-columns:1fr 1fr;\r\ngap:60px;\r\nalign-items:center;\r\n}\r\n\r\n\/* VIDEO *\/\r\n\r\n.lifestyle-video iframe{\r\nwidth:100%;\r\nheight:400px;\r\nborder-radius:18px;\r\nbox-shadow:0 15px 35px rgba(0,0,0,.2);\r\n}\r\n\r\n\/* TEXTO *\/\r\n\r\n.lifestyle-label{\r\nfont-size:13px;\r\nletter-spacing:1px;\r\ntext-transform:uppercase;\r\nopacity:.8;\r\ndisplay:block;\r\nmargin-bottom:10px;\r\n}\r\n\r\n.lifestyle-content h2{\r\nfont-family:'Poppins',sans-serif;\r\nfont-size:42px;\r\nmargin-bottom:20px;\r\n}\r\n\r\n.lifestyle-content h2 span{\r\ndisplay:block;\r\nfont-weight:600;\r\n}\r\n\r\n.lifestyle-text{\r\nfont-size:18px;\r\nline-height:1.7;\r\nmargin-bottom:30px;\r\nmax-width:450px;\r\n}\r\n\r\n\/* ACTIVIDADES *\/\r\n\r\n.lifestyle-activities{\r\ndisplay:grid;\r\ngrid-template-columns:1fr 1fr;\r\ngap:12px;\r\nfont-weight:600;\r\n}\r\n\r\n.lifestyle-activities div{\r\nbackground:rgba(255,255,255,.12);\r\npadding:10px 14px;\r\nborder-radius:8px;\r\n}\r\n\r\n\/* TABLET *\/\r\n\r\n@media(max-width:1024px){\r\n\r\n.lifestyle-container{\r\ngrid-template-columns:1fr;\r\n}\r\n\r\n.lifestyle-content{\r\ntext-align:center;\r\n}\r\n\r\n.lifestyle-text{\r\nmargin:auto;\r\n}\r\n\r\n.lifestyle-activities{\r\njustify-content:center;\r\n}\r\n\r\n}\r\n\r\n\/* MOBILE *\/\r\n\r\n@media(max-width:640px){\r\n\r\n.innova-lifestyle{\r\npadding:60px 20px;\r\n}\r\n\r\n.lifestyle-content h2{\r\nfont-size:30px;\r\n}\r\n\r\n.lifestyle-video iframe{\r\nheight:260px;\r\n}\r\n\r\n.lifestyle-activities{\r\ngrid-template-columns:1fr;\r\n}\r\n\r\n}\r\n\r\n<\/style>\r\n\t\t\t\t<\/div>\n\t\t\t\t<\/div>\n\t\t\t\t<\/div>\n\t\t<div class=\"elementor-element elementor-element-73dcfa6 e-con-full e-flex e-con e-parent\" data-id=\"73dcfa6\" data-element_type=\"container\" data-e-type=\"container\">\n\t\t\t\t<div class=\"elementor-element elementor-element-a27ff75 elementor-widget elementor-widget-html\" data-id=\"a27ff75\" data-element_type=\"widget\" data-e-type=\"widget\" data-widget_type=\"html.default\">\n\t\t\t\t<div class=\"elementor-widget-container\">\n\t\t\t\t\t<section class=\"innova-nature\">\r\n\r\n<div class=\"nature-container\">\r\n\r\n<!-- CONTENIDO -->\r\n<div class=\"nature-content\">\r\n\r\n<span class=\"nature-label\">\r\nNuestro entorno\r\n<\/span>\r\n\r\n<h2>\r\nNaturaleza <span>y tradici\u00f3n<\/span>\r\n<\/h2>\r\n\r\n<p class=\"nature-text\">\r\nLa parcelaci\u00f3n Los Calima es un territorio con una tradici\u00f3n familiar de m\u00e1s de 100 a\u00f1os dedicada a la conservaci\u00f3n de su importante riqueza natural.\r\n<\/p>\r\n\r\n<p class=\"nature-text\">\r\nSu primera etapa ya fue vendida y entregada, y el urbanismo respetuoso del medio ambiente respalda la seguridad y valorizaci\u00f3n de su inversi\u00f3n.\r\n<\/p>\r\n\r\n<\/div>\r\n\r\n\r\n<!-- IMAGEN -->\r\n<div class=\"nature-image\">\r\n\r\n<img decoding=\"async\" src=\"https:\/\/innova.agenciabajocero.com\/wp-content\/uploads\/2022\/03\/city-park-scaled.jpg\">\r\n\r\n<\/div>\r\n\r\n<\/div>\r\n\r\n<\/section>\r\n\r\n\r\n\r\n<style>\r\n\r\n.innova-nature{\r\npadding:80px 20px;\r\nbackground:#fff;\r\nfont-family:'Open Sans',sans-serif;\r\n}\r\n\r\n.nature-container{\r\nmax-width:1200px;\r\nmargin:auto;\r\ndisplay:grid;\r\ngrid-template-columns:1fr 1fr;\r\ngap:60px;\r\nalign-items:center;\r\n}\r\n\r\n\/* TEXTO *\/\r\n\r\n.nature-label{\r\nfont-size:13px;\r\nletter-spacing:1px;\r\ntext-transform:uppercase;\r\ncolor:#777;\r\ndisplay:block;\r\nmargin-bottom:10px;\r\n}\r\n\r\n.nature-content h2{\r\nfont-family:'Poppins',sans-serif;\r\nfont-size:42px;\r\nline-height:1.2;\r\nmargin-bottom:20px;\r\n}\r\n\r\n.nature-content h2 span{\r\ncolor:#A80519;\r\n}\r\n\r\n.nature-text{\r\nfont-size:18px;\r\nline-height:1.7;\r\ncolor:#444;\r\nmargin-bottom:15px;\r\nmax-width:480px;\r\n}\r\n\r\n\/* IMAGEN *\/\r\n\r\n.nature-image img{\r\nwidth:100%;\r\nheight:420px;\r\nobject-fit:cover;\r\nborder-radius:18px;\r\nbox-shadow:0 15px 35px rgba(0,0,0,.12);\r\n}\r\n\r\n\/* TABLET *\/\r\n\r\n@media(max-width:1024px){\r\n\r\n.nature-container{\r\ngrid-template-columns:1fr;\r\ngap:40px;\r\n}\r\n\r\n.nature-content{\r\ntext-align:center;\r\n}\r\n\r\n.nature-text{\r\nmargin:auto;\r\n}\r\n\r\n}\r\n\r\n\/* MOBILE *\/\r\n\r\n@media(max-width:640px){\r\n\r\n.innova-nature{\r\npadding:60px 20px;\r\n}\r\n\r\n.nature-content h2{\r\nfont-size:30px;\r\n}\r\n\r\n.nature-image img{\r\nheight:300px;\r\n}\r\n\r\n}\r\n\r\n<\/style>\r\n\t\t\t\t<\/div>\n\t\t\t\t<\/div>\n\t\t\t\t<\/div>\n\t\t\t\t<\/div>","protected":false},"excerpt":{"rendered":"<p>Entorno natural Paisaje definitivo y descanso extremo Un proyecto pensado para disfrutar de la naturaleza y conservar un estilo de vida tranquilo cerca del Lago Calima. \ud83d\udc15 Parque para mascotas \ud83e\uddfa Zona de picnic \ud83c\udfea Mini Market Estilo de vida Libertad para vivir El entorno natural alrededor de la Parcelaci\u00f3n Los Calima ofrece un escenario [&hellip;]<\/p>\n","protected":false},"author":3,"featured_media":0,"parent":0,"menu_order":0,"comment_status":"closed","ping_status":"closed","template":"elementor_header_footer","meta":{"footnotes":""},"class_list":["post-1060","page","type-page","status-publish","hentry"],"yoast_head":"<!-- This site is optimized with the Yoast SEO plugin v27.4 - https:\/\/yoast.com\/product\/yoast-seo-wordpress\/ -->\n<title>Parcelaci\u00f3n los Calima - Innova<\/title>\n<meta name=\"robots\" content=\"noindex, follow, max-snippet:-1, max-image-preview:large, max-video-preview:-1\" \/>\n<meta property=\"og:locale\" content=\"en_US\" \/>\n<meta property=\"og:type\" content=\"article\" \/>\n<meta property=\"og:title\" content=\"Parcelaci\u00f3n los Calima - Innova\" \/>\n<meta property=\"og:description\" content=\"Entorno natural Paisaje definitivo y descanso extremo Un proyecto pensado para disfrutar de la naturaleza y conservar un estilo de vida tranquilo cerca del Lago Calima. \ud83d\udc15 Parque para mascotas \ud83e\uddfa Zona de picnic \ud83c\udfea Mini Market Estilo de vida Libertad para vivir El entorno natural alrededor de la Parcelaci\u00f3n Los Calima ofrece un escenario [&hellip;]\" \/>\n<meta property=\"og:url\" content=\"https:\/\/innova.agenciabajocero.com\/en\/parcelacion-los-calima\/\" \/>\n<meta property=\"og:site_name\" content=\"Innova\" \/>\n<meta property=\"article:modified_time\" content=\"2026-03-13T20:36:41+00:00\" \/>\n<meta property=\"og:image\" content=\"https:\/\/innova.agenciabajocero.com\/wp-content\/uploads\/2021\/03\/logo-parcelacion-los-calima-web1.png\" \/>\n\t<meta property=\"og:image:width\" content=\"1000\" \/>\n\t<meta property=\"og:image:height\" content=\"181\" \/>\n\t<meta property=\"og:image:type\" content=\"image\/png\" \/>\n<meta name=\"twitter:card\" content=\"summary_large_image\" \/>\n<meta name=\"twitter:label1\" content=\"Est. reading time\" \/>\n\t<meta name=\"twitter:data1\" content=\"3 minutes\" \/>\n<script type=\"application\/ld+json\" class=\"yoast-schema-graph\">{\"@context\":\"https:\\\/\\\/schema.org\",\"@graph\":[{\"@type\":\"WebPage\",\"@id\":\"https:\\\/\\\/innova.agenciabajocero.com\\\/parcelacion-los-calima\\\/\",\"url\":\"https:\\\/\\\/innova.agenciabajocero.com\\\/parcelacion-los-calima\\\/\",\"name\":\"Parcelaci\u00f3n los Calima - Innova\",\"isPartOf\":{\"@id\":\"https:\\\/\\\/innova.agenciabajocero.com\\\/#website\"},\"primaryImageOfPage\":{\"@id\":\"https:\\\/\\\/innova.agenciabajocero.com\\\/parcelacion-los-calima\\\/#primaryimage\"},\"image\":{\"@id\":\"https:\\\/\\\/innova.agenciabajocero.com\\\/parcelacion-los-calima\\\/#primaryimage\"},\"thumbnailUrl\":\"https:\\\/\\\/innova.agenciabajocero.com\\\/wp-content\\\/uploads\\\/2021\\\/03\\\/logo-parcelacion-los-calima-web1-768x139.png\",\"datePublished\":\"2021-03-24T23:11:37+00:00\",\"dateModified\":\"2026-03-13T20:36:41+00:00\",\"breadcrumb\":{\"@id\":\"https:\\\/\\\/innova.agenciabajocero.com\\\/parcelacion-los-calima\\\/#breadcrumb\"},\"inLanguage\":\"en-US\",\"potentialAction\":[{\"@type\":\"ReadAction\",\"target\":[\"https:\\\/\\\/innova.agenciabajocero.com\\\/parcelacion-los-calima\\\/\"]}]},{\"@type\":\"ImageObject\",\"inLanguage\":\"en-US\",\"@id\":\"https:\\\/\\\/innova.agenciabajocero.com\\\/parcelacion-los-calima\\\/#primaryimage\",\"url\":\"https:\\\/\\\/innova.agenciabajocero.com\\\/wp-content\\\/uploads\\\/2021\\\/03\\\/logo-parcelacion-los-calima-web1-768x139.png\",\"contentUrl\":\"https:\\\/\\\/innova.agenciabajocero.com\\\/wp-content\\\/uploads\\\/2021\\\/03\\\/logo-parcelacion-los-calima-web1-768x139.png\"},{\"@type\":\"BreadcrumbList\",\"@id\":\"https:\\\/\\\/innova.agenciabajocero.com\\\/parcelacion-los-calima\\\/#breadcrumb\",\"itemListElement\":[{\"@type\":\"ListItem\",\"position\":1,\"name\":\"Portada\",\"item\":\"https:\\\/\\\/innova.agenciabajocero.com\\\/\"},{\"@type\":\"ListItem\",\"position\":2,\"name\":\"Parcelaci\u00f3n los Calima\"}]},{\"@type\":\"WebSite\",\"@id\":\"https:\\\/\\\/innova.agenciabajocero.com\\\/#website\",\"url\":\"https:\\\/\\\/innova.agenciabajocero.com\\\/\",\"name\":\"Innova\",\"description\":\"Servicios Financieros e Inmobiliarios\",\"potentialAction\":[{\"@type\":\"SearchAction\",\"target\":{\"@type\":\"EntryPoint\",\"urlTemplate\":\"https:\\\/\\\/innova.agenciabajocero.com\\\/?s={search_term_string}\"},\"query-input\":{\"@type\":\"PropertyValueSpecification\",\"valueRequired\":true,\"valueName\":\"search_term_string\"}}],\"inLanguage\":\"en-US\"}]}<\/script>\n<!-- \/ Yoast SEO plugin. -->","yoast_head_json":{"title":"Parcelaci\u00f3n los Calima - Innova","robots":{"index":"noindex","follow":"follow","max-snippet":"max-snippet:-1","max-image-preview":"max-image-preview:large","max-video-preview":"max-video-preview:-1"},"og_locale":"en_US","og_type":"article","og_title":"Parcelaci\u00f3n los Calima - Innova","og_description":"Entorno natural Paisaje definitivo y descanso extremo Un proyecto pensado para disfrutar de la naturaleza y conservar un estilo de vida tranquilo cerca del Lago Calima. \ud83d\udc15 Parque para mascotas \ud83e\uddfa Zona de picnic \ud83c\udfea Mini Market Estilo de vida Libertad para vivir El entorno natural alrededor de la Parcelaci\u00f3n Los Calima ofrece un escenario [&hellip;]","og_url":"https:\/\/innova.agenciabajocero.com\/en\/parcelacion-los-calima\/","og_site_name":"Innova","article_modified_time":"2026-03-13T20:36:41+00:00","og_image":[{"width":1000,"height":181,"url":"https:\/\/innova.agenciabajocero.com\/wp-content\/uploads\/2021\/03\/logo-parcelacion-los-calima-web1.png","type":"image\/png"}],"twitter_card":"summary_large_image","twitter_misc":{"Est. reading time":"3 minutes"},"schema":{"@context":"https:\/\/schema.org","@graph":[{"@type":"WebPage","@id":"https:\/\/innova.agenciabajocero.com\/parcelacion-los-calima\/","url":"https:\/\/innova.agenciabajocero.com\/parcelacion-los-calima\/","name":"Parcelaci\u00f3n los Calima - Innova","isPartOf":{"@id":"https:\/\/innova.agenciabajocero.com\/#website"},"primaryImageOfPage":{"@id":"https:\/\/innova.agenciabajocero.com\/parcelacion-los-calima\/#primaryimage"},"image":{"@id":"https:\/\/innova.agenciabajocero.com\/parcelacion-los-calima\/#primaryimage"},"thumbnailUrl":"https:\/\/innova.agenciabajocero.com\/wp-content\/uploads\/2021\/03\/logo-parcelacion-los-calima-web1-768x139.png","datePublished":"2021-03-24T23:11:37+00:00","dateModified":"2026-03-13T20:36:41+00:00","breadcrumb":{"@id":"https:\/\/innova.agenciabajocero.com\/parcelacion-los-calima\/#breadcrumb"},"inLanguage":"en-US","potentialAction":[{"@type":"ReadAction","target":["https:\/\/innova.agenciabajocero.com\/parcelacion-los-calima\/"]}]},{"@type":"ImageObject","inLanguage":"en-US","@id":"https:\/\/innova.agenciabajocero.com\/parcelacion-los-calima\/#primaryimage","url":"https:\/\/innova.agenciabajocero.com\/wp-content\/uploads\/2021\/03\/logo-parcelacion-los-calima-web1-768x139.png","contentUrl":"https:\/\/innova.agenciabajocero.com\/wp-content\/uploads\/2021\/03\/logo-parcelacion-los-calima-web1-768x139.png"},{"@type":"BreadcrumbList","@id":"https:\/\/innova.agenciabajocero.com\/parcelacion-los-calima\/#breadcrumb","itemListElement":[{"@type":"ListItem","position":1,"name":"Portada","item":"https:\/\/innova.agenciabajocero.com\/"},{"@type":"ListItem","position":2,"name":"Parcelaci\u00f3n los Calima"}]},{"@type":"WebSite","@id":"https:\/\/innova.agenciabajocero.com\/#website","url":"https:\/\/innova.agenciabajocero.com\/","name":"Innova","description":"Servicios Financieros e Inmobiliarios","potentialAction":[{"@type":"SearchAction","target":{"@type":"EntryPoint","urlTemplate":"https:\/\/innova.agenciabajocero.com\/?s={search_term_string}"},"query-input":{"@type":"PropertyValueSpecification","valueRequired":true,"valueName":"search_term_string"}}],"inLanguage":"en-US"}]}},"_links":{"self":[{"href":"https:\/\/innova.agenciabajocero.com\/en\/wp-json\/wp\/v2\/pages\/1060","targetHints":{"allow":["GET"]}}],"collection":[{"href":"https:\/\/innova.agenciabajocero.com\/en\/wp-json\/wp\/v2\/pages"}],"about":[{"href":"https:\/\/innova.agenciabajocero.com\/en\/wp-json\/wp\/v2\/types\/page"}],"author":[{"embeddable":true,"href":"https:\/\/innova.agenciabajocero.com\/en\/wp-json\/wp\/v2\/users\/3"}],"replies":[{"embeddable":true,"href":"https:\/\/innova.agenciabajocero.com\/en\/wp-json\/wp\/v2\/comments?post=1060"}],"version-history":[{"count":0,"href":"https:\/\/innova.agenciabajocero.com\/en\/wp-json\/wp\/v2\/pages\/1060\/revisions"}],"wp:attachment":[{"href":"https:\/\/innova.agenciabajocero.com\/en\/wp-json\/wp\/v2\/media?parent=1060"}],"curies":[{"name":"wp","href":"https:\/\/api.w.org\/{rel}","templated":true}]}}