{"id":3206,"date":"2022-03-28T21:50:12","date_gmt":"2022-03-28T21:50:12","guid":{"rendered":"https:\/\/innova.agenciabajocero.com\/?post_type=product&#038;p=3206"},"modified":"2026-04-11T21:50:55","modified_gmt":"2026-04-11T21:50:55","slug":"apartamento-unidad-residencial-canaverales","status":"publish","type":"product","link":"https:\/\/innova.agenciabajocero.com\/en\/product\/apartamento-unidad-residencial-canaverales\/","title":{"rendered":"Apartamento Unidad Residencial Ca\u00f1averales"},"content":{"rendered":"<p>Espectacular Apartamento dentro de la Unidad Residencial Ca\u00f1averales con muy buena ubicaci\u00f3n cerca de Cosmocentro, Universidades y accesos al paradero del m\u00edo.<\/p>\n<p>Contamos con:<\/p>\n<ul>\n<li>Cocina integral remodelada<\/li>\n<li>Pisos en cer\u00e1mica<\/li>\n<li>Unidad residencial<\/li>\n<li>Garaje cubierto<\/li>\n<li>Zonas externas<\/li>\n<li>Piscina<\/li>\n<li>Quiosco<\/li>\n<li>Zonas verdes alrededor<\/li>\n<\/ul>","protected":false},"excerpt":{"rendered":"<p>Formulario apartamento unidad residencial ca\u00f1averales<\/p>\n<div class='fluentform ff-default fluentform_wrapper_5 ffs_default_wrap'>\n<form data-form_id=\"5\" id=\"fluentform_5\" class=\"frm-fluent-form fluent_form_5 ff-el-form-top ff_form_instance_5_1 ff-form-loading ffs_default\" data-form_instance=\"ff_form_instance_5_1\" method=\"POST\" >\n<fieldset  style=\"border: none!important;margin: 0!important;padding: 0!important;background-color: transparent!important;box-shadow: none!important;outline: none!important; min-inline-size: 100%;\">\n<legend class=\"ff_screen_reader_title\" style=\"display: block; margin: 0!important;padding: 0!important;height: 0!important;text-indent: -999999px;width: 0!important;overflow:hidden;\">Apartamento Unidad Residencial Ca\u00f1averales<\/legend>\n<p><input type='hidden' name='__fluent_form_embded_post_id' value='3206' \/><input type=\"hidden\" id=\"_fluentform_5_fluentformnonce\" name=\"_fluentform_5_fluentformnonce\" value=\"697c39f71f\" \/><input type=\"hidden\" name=\"_wp_http_referer\" value=\"\/en\/wp-json\/wp\/v2\/product\/3206\" \/><\/p>\n<div data-type=\"name-element\" data-name=\"names\" class=\" ff-field_container ff-name-field-wrapper\" >\n<div class='ff-t-container'>\n<div class='ff-t-cell '>\n<div class='ff-el-group ff-el-form-top'>\n<div class=\"ff-el-input--label asterisk-right\"><label for='ff_5_names_first_name_' id='label_ff_5_names_first_name_' >Nombre completo <\/label><\/div>\n<div class='ff-el-input--content'><input type=\"text\" name=\"names[first_name]\" id=\"ff_5_names_first_name_\" class=\"ff-el-form-control\" aria-invalid=\"false\" aria-required=false><\/div>\n<\/div>\n<\/div>\n<\/div>\n<\/div>\n<div class='ff-el-group'>\n<div class=\"ff-el-input--label asterisk-right\"><label for='ff_5_email' id='label_ff_5_email' aria-label=\"Correo electr\u00f3nico\">Correo electr\u00f3nico <\/label><\/div>\n<div class='ff-el-input--content'><input type=\"email\" name=\"email\" id=\"ff_5_email\" class=\"ff-el-form-control\" data-name=\"email\"  aria-invalid=\"false\" aria-required=false><\/div>\n<\/div>\n<div class='ff-el-group'>\n<div class=\"ff-el-input--label asterisk-right\"><label for='ff_5_input_text' id='label_ff_5_input_text' aria-label=\"Numero de tel\u00e9fono\">Numero de tel\u00e9fono <\/label><\/div>\n<div class='ff-el-input--content'><input type=\"text\" name=\"input_text\" class=\"ff-el-form-control\" data-name=\"input_text\" id=\"ff_5_input_text\"  aria-invalid=\"false\" aria-required=false><\/div>\n<\/div>\n<div class='ff-el-group'>\n<div class=\"ff-el-input--label asterisk-right\"><label for='ff_5_description' id='label_ff_5_description' aria-label=\"Me interesa mucho esta propiedad y quiero recibir m\u00e1s informaci\u00f3n. \u00a1Gracias!\">Me interesa mucho esta propiedad y quiero recibir m\u00e1s informaci\u00f3n. \u00a1Gracias!   <\/label><\/div>\n<div class='ff-el-input--content'><textarea aria-required=\"false\" aria-labelledby=\"label_ff_5_description\" name=\"description\" id=\"ff_5_description\" class=\"ff-el-form-control\" rows=\"3\" cols=\"2\" data-name=\"description\" ><\/textarea><\/div>\n<\/div>\n<div class='ff-el-group ff-text-center ff_submit_btn_wrapper'><button type=\"submit\" class=\"ff-btn ff-btn-submit ff-btn-lg ff_btn_style wpf_has_custom_css\"  aria-label=\"Enviar solicitud\">Enviar solicitud<\/button><\/div>\n<\/fieldset>\n<\/form>\n<div id='fluentform_5_errors' class='ff-errors-in-stack ff_form_instance_5_1 ff-form-loading_errors ff_form_instance_5_1_errors'><\/div>\n<\/div>\n<p>            <script type=\"text\/javascript\">\n                window.fluent_form_ff_form_instance_5_1 = {\"id\":\"5\",\"ajaxUrl\":\"https:\\\/\\\/innova.agenciabajocero.com\\\/wp-admin\\\/admin-ajax.php\",\"settings\":{\"layout\":{\"labelPlacement\":\"top\",\"asteriskPlacement\":\"asterisk-right\",\"helpMessagePlacement\":\"with_label\",\"errorMessagePlacement\":\"inline\",\"cssClassName\":\"\"},\"restrictions\":{\"denyEmptySubmission\":{\"enabled\":false}}},\"form_instance\":\"ff_form_instance_5_1\",\"form_id_selector\":\"fluentform_5\",\"rules\":{\"names[first_name]\":{\"required\":{\"value\":false,\"message\":\"This field is required\",\"global_message\":\"Este campo es obligatorio\",\"global\":true}},\"names[middle_name]\":{\"required\":{\"value\":false,\"message\":\"This field is required\",\"global_message\":\"Este campo es obligatorio\",\"global\":true}},\"names[last_name]\":{\"required\":{\"value\":false,\"message\":\"This field is required\",\"global_message\":\"Este campo es obligatorio\",\"global\":true}},\"email\":{\"required\":{\"value\":false,\"message\":\"This field is required\",\"global_message\":\"Este campo es obligatorio\",\"global\":true},\"email\":{\"value\":true,\"message\":\"This field must contain a valid email\",\"global_message\":\"Este campo debe contener un correo electr\\u00f3nico v\\u00e1lido\",\"global\":true}},\"input_text\":{\"required\":{\"value\":false,\"message\":\"This field is required\",\"global_message\":\"Este campo es obligatorio\",\"global\":true}},\"description\":{\"required\":{\"value\":false,\"message\":\"This field is required\",\"global_message\":\"Este campo es obligatorio\",\"global\":true}}},\"debounce_time\":300};\n                            <\/script><\/p>\n","protected":false},"featured_media":3207,"comment_status":"open","ping_status":"closed","template":"","meta":[],"product_brand":[],"product_cat":[92],"product_tag":[],"class_list":{"0":"post-3206","1":"product","2":"type-product","3":"status-publish","4":"has-post-thumbnail","6":"product_cat-sin-categorizar","8":"first","9":"instock","10":"shipping-taxable","11":"product-type-external"},"yoast_head":"<!-- This site is optimized with the Yoast SEO plugin v27.4 - https:\/\/yoast.com\/product\/yoast-seo-wordpress\/ -->\n<title>Apartamento Unidad Residencial Ca\u00f1averales - Innova<\/title>\n<meta name=\"robots\" content=\"noindex, follow, max-snippet:-1, max-image-preview:large, max-video-preview:-1\" \/>\n<meta property=\"og:locale\" content=\"en_US\" \/>\n<meta property=\"og:type\" content=\"article\" \/>\n<meta property=\"og:title\" content=\"Apartamento Unidad Residencial Ca\u00f1averales - Innova\" \/>\n<meta property=\"og:description\" content=\"Formulario apartamento unidad residencial ca\u00f1averales\" \/>\n<meta property=\"og:url\" content=\"https:\/\/innova.agenciabajocero.com\/en\/product\/apartamento-unidad-residencial-canaverales\/\" \/>\n<meta property=\"og:site_name\" content=\"Innova\" \/>\n<meta property=\"article:modified_time\" content=\"2026-04-11T21:50:55+00:00\" \/>\n<meta property=\"og:image\" content=\"https:\/\/innova.agenciabajocero.com\/wp-content\/uploads\/2022\/03\/WhatsApp-Image-2021-02-18-at-12.32.52-AM-2.jpeg\" \/>\n\t<meta property=\"og:image:width\" content=\"1080\" \/>\n\t<meta property=\"og:image:height\" content=\"1000\" \/>\n\t<meta property=\"og:image:type\" content=\"image\/jpeg\" \/>\n<meta name=\"twitter:card\" content=\"summary_large_image\" \/>\n<meta name=\"twitter:label1\" content=\"Est. reading time\" \/>\n\t<meta name=\"twitter:data1\" content=\"1 minute\" \/>\n<script type=\"application\/ld+json\" class=\"yoast-schema-graph\">{\"@context\":\"https:\\\/\\\/schema.org\",\"@graph\":[{\"@type\":\"WebPage\",\"@id\":\"https:\\\/\\\/innova.agenciabajocero.com\\\/producto\\\/apartamento-unidad-residencial-canaverales\\\/\",\"url\":\"https:\\\/\\\/innova.agenciabajocero.com\\\/producto\\\/apartamento-unidad-residencial-canaverales\\\/\",\"name\":\"Apartamento Unidad Residencial Ca\u00f1averales - Innova\",\"isPartOf\":{\"@id\":\"https:\\\/\\\/innova.agenciabajocero.com\\\/#website\"},\"primaryImageOfPage\":{\"@id\":\"https:\\\/\\\/innova.agenciabajocero.com\\\/producto\\\/apartamento-unidad-residencial-canaverales\\\/#primaryimage\"},\"image\":{\"@id\":\"https:\\\/\\\/innova.agenciabajocero.com\\\/producto\\\/apartamento-unidad-residencial-canaverales\\\/#primaryimage\"},\"thumbnailUrl\":\"https:\\\/\\\/innova.agenciabajocero.com\\\/wp-content\\\/uploads\\\/2022\\\/03\\\/WhatsApp-Image-2021-02-18-at-12.32.52-AM-2.jpeg\",\"datePublished\":\"2022-03-28T21:50:12+00:00\",\"dateModified\":\"2026-04-11T21:50:55+00:00\",\"breadcrumb\":{\"@id\":\"https:\\\/\\\/innova.agenciabajocero.com\\\/producto\\\/apartamento-unidad-residencial-canaverales\\\/#breadcrumb\"},\"inLanguage\":\"en-US\",\"potentialAction\":[{\"@type\":\"ReadAction\",\"target\":[\"https:\\\/\\\/innova.agenciabajocero.com\\\/producto\\\/apartamento-unidad-residencial-canaverales\\\/\"]}]},{\"@type\":\"ImageObject\",\"inLanguage\":\"en-US\",\"@id\":\"https:\\\/\\\/innova.agenciabajocero.com\\\/producto\\\/apartamento-unidad-residencial-canaverales\\\/#primaryimage\",\"url\":\"https:\\\/\\\/innova.agenciabajocero.com\\\/wp-content\\\/uploads\\\/2022\\\/03\\\/WhatsApp-Image-2021-02-18-at-12.32.52-AM-2.jpeg\",\"contentUrl\":\"https:\\\/\\\/innova.agenciabajocero.com\\\/wp-content\\\/uploads\\\/2022\\\/03\\\/WhatsApp-Image-2021-02-18-at-12.32.52-AM-2.jpeg\",\"width\":1080,\"height\":1000},{\"@type\":\"BreadcrumbList\",\"@id\":\"https:\\\/\\\/innova.agenciabajocero.com\\\/producto\\\/apartamento-unidad-residencial-canaverales\\\/#breadcrumb\",\"itemListElement\":[{\"@type\":\"ListItem\",\"position\":1,\"name\":\"Portada\",\"item\":\"https:\\\/\\\/innova.agenciabajocero.com\\\/\"},{\"@type\":\"ListItem\",\"position\":2,\"name\":\"Productos\",\"item\":\"https:\\\/\\\/innova.agenciabajocero.com\\\/tienda\\\/\"},{\"@type\":\"ListItem\",\"position\":3,\"name\":\"Apartamento Unidad Residencial Ca\u00f1averales\"}]},{\"@type\":\"WebSite\",\"@id\":\"https:\\\/\\\/innova.agenciabajocero.com\\\/#website\",\"url\":\"https:\\\/\\\/innova.agenciabajocero.com\\\/\",\"name\":\"Innova\",\"description\":\"Servicios Financieros e Inmobiliarios\",\"potentialAction\":[{\"@type\":\"SearchAction\",\"target\":{\"@type\":\"EntryPoint\",\"urlTemplate\":\"https:\\\/\\\/innova.agenciabajocero.com\\\/?s={search_term_string}\"},\"query-input\":{\"@type\":\"PropertyValueSpecification\",\"valueRequired\":true,\"valueName\":\"search_term_string\"}}],\"inLanguage\":\"en-US\"}]}<\/script>\n<!-- \/ Yoast SEO plugin. -->","yoast_head_json":{"title":"Apartamento Unidad Residencial Ca\u00f1averales - Innova","robots":{"index":"noindex","follow":"follow","max-snippet":"max-snippet:-1","max-image-preview":"max-image-preview:large","max-video-preview":"max-video-preview:-1"},"og_locale":"en_US","og_type":"article","og_title":"Apartamento Unidad Residencial Ca\u00f1averales - Innova","og_description":"Formulario apartamento unidad residencial ca\u00f1averales","og_url":"https:\/\/innova.agenciabajocero.com\/en\/product\/apartamento-unidad-residencial-canaverales\/","og_site_name":"Innova","article_modified_time":"2026-04-11T21:50:55+00:00","og_image":[{"width":1080,"height":1000,"url":"https:\/\/innova.agenciabajocero.com\/wp-content\/uploads\/2022\/03\/WhatsApp-Image-2021-02-18-at-12.32.52-AM-2.jpeg","type":"image\/jpeg"}],"twitter_card":"summary_large_image","twitter_misc":{"Est. reading time":"1 minute"},"schema":{"@context":"https:\/\/schema.org","@graph":[{"@type":"WebPage","@id":"https:\/\/innova.agenciabajocero.com\/producto\/apartamento-unidad-residencial-canaverales\/","url":"https:\/\/innova.agenciabajocero.com\/producto\/apartamento-unidad-residencial-canaverales\/","name":"Apartamento Unidad Residencial Ca\u00f1averales - Innova","isPartOf":{"@id":"https:\/\/innova.agenciabajocero.com\/#website"},"primaryImageOfPage":{"@id":"https:\/\/innova.agenciabajocero.com\/producto\/apartamento-unidad-residencial-canaverales\/#primaryimage"},"image":{"@id":"https:\/\/innova.agenciabajocero.com\/producto\/apartamento-unidad-residencial-canaverales\/#primaryimage"},"thumbnailUrl":"https:\/\/innova.agenciabajocero.com\/wp-content\/uploads\/2022\/03\/WhatsApp-Image-2021-02-18-at-12.32.52-AM-2.jpeg","datePublished":"2022-03-28T21:50:12+00:00","dateModified":"2026-04-11T21:50:55+00:00","breadcrumb":{"@id":"https:\/\/innova.agenciabajocero.com\/producto\/apartamento-unidad-residencial-canaverales\/#breadcrumb"},"inLanguage":"en-US","potentialAction":[{"@type":"ReadAction","target":["https:\/\/innova.agenciabajocero.com\/producto\/apartamento-unidad-residencial-canaverales\/"]}]},{"@type":"ImageObject","inLanguage":"en-US","@id":"https:\/\/innova.agenciabajocero.com\/producto\/apartamento-unidad-residencial-canaverales\/#primaryimage","url":"https:\/\/innova.agenciabajocero.com\/wp-content\/uploads\/2022\/03\/WhatsApp-Image-2021-02-18-at-12.32.52-AM-2.jpeg","contentUrl":"https:\/\/innova.agenciabajocero.com\/wp-content\/uploads\/2022\/03\/WhatsApp-Image-2021-02-18-at-12.32.52-AM-2.jpeg","width":1080,"height":1000},{"@type":"BreadcrumbList","@id":"https:\/\/innova.agenciabajocero.com\/producto\/apartamento-unidad-residencial-canaverales\/#breadcrumb","itemListElement":[{"@type":"ListItem","position":1,"name":"Portada","item":"https:\/\/innova.agenciabajocero.com\/"},{"@type":"ListItem","position":2,"name":"Productos","item":"https:\/\/innova.agenciabajocero.com\/tienda\/"},{"@type":"ListItem","position":3,"name":"Apartamento Unidad Residencial Ca\u00f1averales"}]},{"@type":"WebSite","@id":"https:\/\/innova.agenciabajocero.com\/#website","url":"https:\/\/innova.agenciabajocero.com\/","name":"Innova","description":"Servicios Financieros e Inmobiliarios","potentialAction":[{"@type":"SearchAction","target":{"@type":"EntryPoint","urlTemplate":"https:\/\/innova.agenciabajocero.com\/?s={search_term_string}"},"query-input":{"@type":"PropertyValueSpecification","valueRequired":true,"valueName":"search_term_string"}}],"inLanguage":"en-US"}]}},"_links":{"self":[{"href":"https:\/\/innova.agenciabajocero.com\/en\/wp-json\/wp\/v2\/product\/3206","targetHints":{"allow":["GET"]}}],"collection":[{"href":"https:\/\/innova.agenciabajocero.com\/en\/wp-json\/wp\/v2\/product"}],"about":[{"href":"https:\/\/innova.agenciabajocero.com\/en\/wp-json\/wp\/v2\/types\/product"}],"replies":[{"embeddable":true,"href":"https:\/\/innova.agenciabajocero.com\/en\/wp-json\/wp\/v2\/comments?post=3206"}],"wp:featuredmedia":[{"embeddable":true,"href":"https:\/\/innova.agenciabajocero.com\/en\/wp-json\/wp\/v2\/media\/3207"}],"wp:attachment":[{"href":"https:\/\/innova.agenciabajocero.com\/en\/wp-json\/wp\/v2\/media?parent=3206"}],"wp:term":[{"taxonomy":"product_brand","embeddable":true,"href":"https:\/\/innova.agenciabajocero.com\/en\/wp-json\/wp\/v2\/product_brand?post=3206"},{"taxonomy":"product_cat","embeddable":true,"href":"https:\/\/innova.agenciabajocero.com\/en\/wp-json\/wp\/v2\/product_cat?post=3206"},{"taxonomy":"product_tag","embeddable":true,"href":"https:\/\/innova.agenciabajocero.com\/en\/wp-json\/wp\/v2\/product_tag?post=3206"}],"curies":[{"name":"wp","href":"https:\/\/api.w.org\/{rel}","templated":true}]}}